{"id":3071,"date":"2025-09-13T09:17:03","date_gmt":"2025-09-13T07:17:03","guid":{"rendered":"http:\/\/serwer361659.lh.pl\/autoinstalator\/serwer361659.lh.pl\/wordpress121898\/?page_id=3071"},"modified":"2025-09-13T09:42:15","modified_gmt":"2025-09-13T07:42:15","slug":"nasze-realizacje","status":"publish","type":"page","link":"https:\/\/nadruki-na-plyty.pl\/index.php\/nasze-realizacje\/","title":{"rendered":"Nasze realizacje"},"content":{"rendered":"<div class=\"wpb-content-wrapper\"><p>[vc_row css=&#8221;.vc_custom_1553065946018{padding-top: 5% !important;padding-bottom: 8% !important;}&#8221;][vc_column width=&#8221;1\/2&#8243;][vc_row_inner css=&#8221;.vc_custom_1551327687711{padding-top: 3% !important;}&#8221;][vc_column_inner][vc_custom_heading heading_style=&#8221;heading_style_5&#8243; text=&#8221;Nasze zam\u00f3wienia&#8221; use_theme_fonts=&#8221;yes&#8221; css=&#8221;&#8221; hightlight_heading=&#8221;Realizacje&#8221;][vc_column_text css=&#8221;.vc_custom_1757748248296{padding-top: 6% !important;padding-bottom: 3% !important;}&#8221;]<\/p>\n<h3 data-start=\"95\" data-end=\"164\">Nasze realizacje \u2013 nadruki na CD, DVD, kopertach i opakowaniach<\/h3>\n<p data-start=\"166\" data-end=\"573\">Specjalizujemy si\u0119 w profesjonalnych nadrukach na r\u00f3\u017cnego rodzaju no\u015bnikach i opakowaniach. Wykonywali\u015bmy realizacje obejmuj\u0105ce <strong data-start=\"294\" data-end=\"324\">p\u0142yty CD i DVD z nadrukiem<\/strong>, eleganckie <strong data-start=\"337\" data-end=\"350\">digipacki<\/strong>, praktyczne <strong data-start=\"363\" data-end=\"396\">koperty kartonowe z nadrukiem<\/strong>, a tak\u017ce solidne <strong data-start=\"414\" data-end=\"439\">pude\u0142ka DVD BOX 14 mm<\/strong> oraz <strong data-start=\"445\" data-end=\"475\">pude\u0142ka CD slim i standard<\/strong>. Ka\u017cdy projekt przygotowujemy indywidualnie, dbaj\u0105c o wysok\u0105 jako\u015b\u0107 druku i estetyk\u0119 wykonania.<\/p>\n<p data-start=\"575\" data-end=\"909\">Nasze realizacje trafiaj\u0105 do firm, muzyk\u00f3w, studi\u00f3w nagraniowych, bran\u017cy medycznej (RTG), a tak\u017ce os\u00f3b prywatnych, kt\u00f3re potrzebuj\u0105 profesjonalnych nadruk\u00f3w na p\u0142yty z okazji \u015blub\u00f3w, komunii czy innych uroczysto\u015bci. Dzi\u0119ki nowoczesnym technologiom druku zapewniamy trwa\u0142o\u015b\u0107, wyraziste kolory i perfekcyjny wygl\u0105d opakowa\u0144 oraz p\u0142yt.<\/p>\n<p>[\/vc_column_text][\/vc_column_inner][\/vc_row_inner][\/vc_column][vc_column width=&#8221;1\/2&#8243;][vc_row_inner][vc_column_inner]                        <div class=\" vc_custom_1757725047531  \">\n                <div class=\"banner-shortcode-wrap style_1 \">\n    <div class=\"banner-content-wrap\">\n                                    <img decoding=\"async\" src=\"https:\/\/nadruki-na-plyty.pl\/wp-content\/uploads\/2025\/09\/cd54_55.jpg\" alt=\"\">\n                        <div class=\"banner-content-inner\">\n                <div class=\"banner-content\">\n                                                        <\/div>\n            <\/div>\n            <\/div>\n<\/div>            <\/div>\n                    [\/vc_column_inner][\/vc_row_inner][\/vc_column][\/vc_row][vc_row full_width=&#8221;stretch_row_content_no_spaces&#8221; css=&#8221;.vc_custom_1551328247052{padding-bottom: 5% !important;}&#8221;][vc_column][vc_row_inner][vc_column_inner]                        <div class=\"  \">\n                <div class=\"banner-creative-shortcode-wrap packery_2 \" \n    data-padding=\"0\"\n    data-columns=\"5\">\n    <div class=\"banner-content-wrap banner-list\">\n        \n        <div class=\"banner-item big_squared style_2 image-col-5 padding-0\">\n            <div class=\"banner-item-wrap\">\n                                    <a href=\"#\" class=\"banner-link\" target=\"_self\"><\/a>\n                                                    <img decoding=\"async\" src=\"https:\/\/nadruki-na-plyty.pl\/wp-content\/uploads\/2025\/05\/digipack.png\" alt=\"\">\n                                <div class=\"banner-content-inner\">\n                    <div class=\"banner-content\">\n                                                                                                                                            <\/div>\n                <\/div>\n            <\/div>\n        <\/div>\n\n        \n        <div class=\"banner-item default style_2 image-col-5 padding-0\">\n            <div class=\"banner-item-wrap\">\n                                    <a href=\"#\" class=\"banner-link\" target=\"_self\"><\/a>\n                                                    <img decoding=\"async\" src=\"https:\/\/nadruki-na-plyty.pl\/wp-content\/uploads\/2025\/09\/dvdbox3.jpg\" alt=\"\">\n                                <div class=\"banner-content-inner\">\n                    <div class=\"banner-content\">\n                                                                                                                                            <\/div>\n                <\/div>\n            <\/div>\n        <\/div>\n\n        \n        <div class=\"banner-item landscape style_2 image-col-5 padding-0\">\n            <div class=\"banner-item-wrap\">\n                                                    <img decoding=\"async\" src=\"https:\/\/nadruki-na-plyty.pl\/wp-content\/uploads\/2025\/05\/v3.png\" alt=\"\">\n                                <div class=\"banner-content-inner\">\n                    <div class=\"banner-content\">\n                                                                                                                                            <\/div>\n                <\/div>\n            <\/div>\n        <\/div>\n\n        \n        <div class=\"banner-item landscape style_2 image-col-5 padding-0\">\n            <div class=\"banner-item-wrap\">\n                                    <a href=\"#\" class=\"banner-link\" target=\"_self\"><\/a>\n                                                    <img decoding=\"async\" src=\"https:\/\/nadruki-na-plyty.pl\/wp-content\/uploads\/2025\/05\/efc4275b-2d85-4b3a-86d8-79aed1fab8bb.png\" alt=\"\">\n                                <div class=\"banner-content-inner\">\n                    <div class=\"banner-content\">\n                                                                                                                                            <\/div>\n                <\/div>\n            <\/div>\n        <\/div>\n\n        \n        <div class=\"banner-item default style_2 image-col-5 padding-0\">\n            <div class=\"banner-item-wrap\">\n                                    <a href=\"#\" class=\"banner-link\" target=\"_self\"><\/a>\n                                                    <img decoding=\"async\" src=\"https:\/\/nadruki-na-plyty.pl\/wp-content\/uploads\/2025\/09\/12d3be5d-9292-4fa7-870a-552ebc690ea2.png\" alt=\"\">\n                                <div class=\"banner-content-inner\">\n                    <div class=\"banner-content\">\n                                                                                                                                            <\/div>\n                <\/div>\n            <\/div>\n        <\/div>\n\n        \n        <div class=\"banner-item default style_2 image-col-5 padding-0\">\n            <div class=\"banner-item-wrap\">\n                                    <a href=\"#\" class=\"banner-link\" target=\"_self\"><\/a>\n                                                    <img decoding=\"async\" src=\"https:\/\/nadruki-na-plyty.pl\/wp-content\/uploads\/2025\/09\/3aa031cc-c2aa-4fcf-a182-87d4759205a9.png\" alt=\"\">\n                                <div class=\"banner-content-inner\">\n                    <div class=\"banner-content\">\n                                                                                                                                            <\/div>\n                <\/div>\n            <\/div>\n        <\/div>\n\n        \n        <div class=\"banner-item default style_2 image-col-5 padding-0\">\n            <div class=\"banner-item-wrap\">\n                                    <a href=\"#\" class=\"banner-link\" target=\"_self\"><\/a>\n                                                    <img decoding=\"async\" src=\"https:\/\/nadruki-na-plyty.pl\/wp-content\/uploads\/2025\/05\/f0b60057-c8a7-4538-99f4-be8cd4af6667.png\" alt=\"\">\n                                <div class=\"banner-content-inner\">\n                    <div class=\"banner-content\">\n                                                                                                                                            <\/div>\n                <\/div>\n            <\/div>\n        <\/div>\n\n        \n        <div class=\"banner-item default style_2 image-col-5 padding-0\">\n            <div class=\"banner-item-wrap\">\n                                    <a href=\"#\" class=\"banner-link\" target=\"_self\"><\/a>\n                                                    <img decoding=\"async\" src=\"https:\/\/nadruki-na-plyty.pl\/wp-content\/uploads\/2025\/09\/dvdbox3.jpg\" alt=\"\">\n                                <div class=\"banner-content-inner\">\n                    <div class=\"banner-content\">\n                                                                                                                                            <\/div>\n                <\/div>\n            <\/div>\n        <\/div>\n\n            <\/div>\n<\/div>            <\/div>\n                    [\/vc_column_inner][\/vc_row_inner][\/vc_column][\/vc_row]<\/p>\n<\/div>","protected":false},"excerpt":{"rendered":"<p>[vc_row css=&#8221;.vc_custom_1553065946018{padding-top: 5% !important;padding-bottom: 8% !important;}&#8221;][vc_column width=&#8221;1\/2&#8243;][vc_row_inner css=&#8221;.vc_custom_1551327687711{padding-top: 3% !important;}&#8221;][vc_column_inner][vc_custom_heading heading_style=&#8221;heading_style_5&#8243; text=&#8221;Nasze zam\u00f3wienia&#8221; use_theme_fonts=&#8221;yes&#8221; css=&#8221;&#8221; hightlight_heading=&#8221;Realizacje&#8221;][vc_column_text css=&#8221;.vc_custom_1757748248296{padding-top: 6% !important;padding-bottom: 3% !important;}&#8221;] Nasze realizacje \u2013 nadruki na CD, DVD, kopertach i opakowaniach Specjalizujemy si\u0119 w profesjonalnych nadrukach na r\u00f3\u017cnego rodzaju no\u015bnikach i opakowaniach. Wykonywali\u015bmy realizacje obejmuj\u0105ce p\u0142yty CD i DVD z nadrukiem, eleganckie digipacki, praktyczne koperty [&hellip;]<\/p>\n","protected":false},"author":1,"featured_media":0,"parent":0,"menu_order":0,"comment_status":"closed","ping_status":"closed","template":"","meta":{"_monsterinsights_skip_tracking":false,"_monsterinsights_sitenote_active":false,"_monsterinsights_sitenote_note":"","_monsterinsights_sitenote_category":0,"footnotes":""},"class_list":["post-3071","page","type-page","status-publish","hentry","clearfix"],"aioseo_notices":[],"jetpack_sharing_enabled":true,"_links":{"self":[{"href":"https:\/\/nadruki-na-plyty.pl\/index.php\/wp-json\/wp\/v2\/pages\/3071","targetHints":{"allow":["GET"]}}],"collection":[{"href":"https:\/\/nadruki-na-plyty.pl\/index.php\/wp-json\/wp\/v2\/pages"}],"about":[{"href":"https:\/\/nadruki-na-plyty.pl\/index.php\/wp-json\/wp\/v2\/types\/page"}],"author":[{"embeddable":true,"href":"https:\/\/nadruki-na-plyty.pl\/index.php\/wp-json\/wp\/v2\/users\/1"}],"replies":[{"embeddable":true,"href":"https:\/\/nadruki-na-plyty.pl\/index.php\/wp-json\/wp\/v2\/comments?post=3071"}],"version-history":[{"count":6,"href":"https:\/\/nadruki-na-plyty.pl\/index.php\/wp-json\/wp\/v2\/pages\/3071\/revisions"}],"predecessor-version":[{"id":3126,"href":"https:\/\/nadruki-na-plyty.pl\/index.php\/wp-json\/wp\/v2\/pages\/3071\/revisions\/3126"}],"wp:attachment":[{"href":"https:\/\/nadruki-na-plyty.pl\/index.php\/wp-json\/wp\/v2\/media?parent=3071"}],"curies":[{"name":"wp","href":"https:\/\/api.w.org\/{rel}","templated":true}]}}