{"id":3072,"date":"2025-09-13T03:00:52","date_gmt":"2025-09-13T01:00:52","guid":{"rendered":"http:\/\/serwer361659.lh.pl\/autoinstalator\/serwer361659.lh.pl\/wordpress121898\/?page_id=3072"},"modified":"2025-09-13T03:03:45","modified_gmt":"2025-09-13T01:03:45","slug":"nadruki-na-plyty-dvd","status":"publish","type":"page","link":"https:\/\/nadruki-na-plyty.pl\/index.php\/nadruki-na-plyty-dvd\/","title":{"rendered":"Nadruki na p\u0142yty DVD"},"content":{"rendered":"<div class=\"wpb-content-wrapper\"><p>[vc_row css=&#8221;.vc_custom_1553065946018{padding-top: 5% !important;padding-bottom: 8% !important;}&#8221;][vc_column width=&#8221;1\/2&#8243;][vc_row_inner css=&#8221;.vc_custom_1551327687711{padding-top: 3% !important;}&#8221;][vc_column_inner][vc_custom_heading heading_style=&#8221;heading_style_5&#8243; text=&#8221;Nadruki na p\u0142yty DVD&#8221; use_theme_fonts=&#8221;yes&#8221; css=&#8221;&#8221; sub_heading=&#8221;Nadruki DVD&#8221; hightlight_heading=&#8221;Opakowa\u0144&#8221;][vc_column_text css=&#8221;.vc_custom_1757725240402{padding-top: 6% !important;padding-bottom: 3% !important;}&#8221;]<\/p>\n<h3 data-start=\"78\" data-end=\"131\">Nadruki na p\u0142yty DVD \u2013 profesjonalna realizacja<\/h3>\n<p data-start=\"133\" data-end=\"448\">Oferujemy wysokiej jako\u015bci <strong data-start=\"160\" data-end=\"184\">nadruki na p\u0142yty DVD<\/strong> \u2013 idealne dla firm, muzyk\u00f3w, studi\u00f3w nagraniowych i bran\u017cy medycznej. Korzystamy z p\u0142yt DVD-R o standardowej pojemno\u015bci <strong data-start=\"305\" data-end=\"327\">4,7 GB (120 minut)<\/strong> zgodnych ze specyfikacj\u0105 Digital Versatile Disc (\u015brednica <strong data-start=\"386\" data-end=\"396\">120 mm<\/strong>, otw\u00f3r wewn\u0119trzny <strong data-start=\"415\" data-end=\"424\">15 mm<\/strong>, grubo\u015b\u0107 <strong data-start=\"434\" data-end=\"444\">1,2 mm<\/strong>).<\/p>\n<h4 data-start=\"450\" data-end=\"492\">Specyfikacja projekt\u00f3w graficznych:<\/h4>\n<ul data-start=\"493\" data-end=\"678\">\n<li data-start=\"493\" data-end=\"541\">\n<p data-start=\"495\" data-end=\"541\"><strong data-start=\"495\" data-end=\"514\">Ok\u0142adka (front)<\/strong>: 12,2 \u00d7 12,2 cm, 300 dpi<\/p>\n<\/li>\n<li data-start=\"542\" data-end=\"622\">\n<p data-start=\"544\" data-end=\"622\"><strong data-start=\"544\" data-end=\"563\">Nadruk na p\u0142yt\u0119<\/strong>: obszar zewn\u0119trzny 120 mm, \u015brodkowy otw\u00f3r 21 mm, 300 dpi<\/p>\n<\/li>\n<li data-start=\"623\" data-end=\"678\">\n<p data-start=\"625\" data-end=\"678\"><strong data-start=\"625\" data-end=\"643\">Formaty plik\u00f3w<\/strong>: JPG, TIFF, PSD, PNG, PDF i inne<\/p>\n<\/li>\n<\/ul>\n<p data-start=\"680\" data-end=\"755\">Realizujemy zlecenia szybko, w najwy\u017cszej jako\u015bci i z dba\u0142o\u015bci\u0105 o detale.<\/p>\n<p>[\/vc_column_text][\/vc_column_inner][\/vc_row_inner][vc_row_inner][vc_column_inner width=&#8221;1\/2&#8243;]            \n            <div class=\" \">\n                    <div class=\"icon-box-shortcode-wrap style_3 \">\n        <div class=\"icon-box-container\">\n                            <a href=\"#\" title=\"\" target=\"_self\">\n                            <div class=\"icon-wrap\">\n                    <span class=\"icon-svg icon-printer\"><\/span>\n                <\/div>\n                            <\/a>\n            \n            <div class=\"icon-content\">\n                <h5 class=\"icon-title\">\n                                            <a href=\"#\" title=\"\" target=\"_self\">\n                                        Projekty graficzne p\u0142yt CD i DVD                                            <\/a>\n                                    <\/h5>\n                <p class=\"icon-description\"><\/p>\n            <\/div>\n        <\/div>\n    <\/div>\n            <\/div>\n            \n        [\/vc_column_inner][vc_column_inner width=&#8221;1\/2&#8243;]            \n            <div class=\" \">\n                    <div class=\"icon-box-shortcode-wrap style_3 \">\n        <div class=\"icon-box-container\">\n                            <a href=\"#\" title=\"\" target=\"_self\">\n                            <div class=\"icon-wrap\">\n                    <span class=\"icon-svg icon-tablet\"><\/span>\n                <\/div>\n                            <\/a>\n            \n            <div class=\"icon-content\">\n                <h5 class=\"icon-title\">\n                                            <a href=\"#\" title=\"\" target=\"_self\">\n                                        Projekty opakowa\u0144                                            <\/a>\n                                    <\/h5>\n                <p class=\"icon-description\"><\/p>\n            <\/div>\n        <\/div>\n    <\/div>\n            <\/div>\n            \n        [\/vc_column_inner][\/vc_row_inner][vc_row_inner][vc_column_inner width=&#8221;1\/2&#8243;]            \n            <div class=\" \">\n                    <div class=\"icon-box-shortcode-wrap style_3 \">\n        <div class=\"icon-box-container\">\n                            <a href=\"#\" title=\"\" target=\"_self\">\n                            <div class=\"icon-wrap\">\n                    <span class=\"icon-svg icon-photocopier\"><\/span>\n                <\/div>\n                            <\/a>\n            \n            <div class=\"icon-content\">\n                <h5 class=\"icon-title\">\n                                            <a href=\"#\" title=\"\" target=\"_self\">\n                                        Przygotowanie plik\u00f3w                                            <\/a>\n                                    <\/h5>\n                <p class=\"icon-description\"><\/p>\n            <\/div>\n        <\/div>\n    <\/div>\n            <\/div>\n            \n        [\/vc_column_inner][vc_column_inner width=&#8221;1\/2&#8243;]            \n            <div class=\" \">\n                    <div class=\"icon-box-shortcode-wrap style_3 \">\n        <div class=\"icon-box-container\">\n                            <a href=\"#\" title=\"\" target=\"_self\">\n                            <div class=\"icon-wrap\">\n                    <span class=\"icon-svg icon-scanner\"><\/span>\n                <\/div>\n                            <\/a>\n            \n            <div class=\"icon-content\">\n                <h5 class=\"icon-title\">\n                                            <a href=\"#\" title=\"\" target=\"_self\">\n                                        Kompletne zestawy                                            <\/a>\n                                    <\/h5>\n                <p class=\"icon-description\"><\/p>\n            <\/div>\n        <\/div>\n    <\/div>\n            <\/div>\n            \n        [\/vc_column_inner][\/vc_row_inner][\/vc_column][vc_column width=&#8221;1\/2&#8243;][vc_row_inner][vc_column_inner]                        <div class=\" vc_custom_1757725047531  \">\n                <div class=\"banner-shortcode-wrap style_1 \">\n    <div class=\"banner-content-wrap\">\n                                    <img decoding=\"async\" src=\"https:\/\/nadruki-na-plyty.pl\/wp-content\/uploads\/2025\/09\/cd54_55.jpg\" alt=\"\">\n                        <div class=\"banner-content-inner\">\n                <div class=\"banner-content\">\n                                                        <\/div>\n            <\/div>\n            <\/div>\n<\/div>            <\/div>\n                    [\/vc_column_inner][\/vc_row_inner][\/vc_column][\/vc_row][vc_row full_width=&#8221;stretch_row&#8221; css=&#8221;.vc_custom_1551327762446{padding-top: 4% !important;padding-bottom: 7% !important;background-color: #f0f0f0 !important;}&#8221;][vc_column][vc_row_inner][vc_column_inner width=&#8221;1\/4&#8243;]                    <div class=\" \">\n                <div class=\"counter-shortcode-wrap style_4 \">\n    <div class=\"gr-counter gr-animated\">\n        <div class=\"content-inner\">\n            <div class=\"icon-wrap\" style=\"color:#006ad0\">\n                <span class=\"simpline icon-plane\"><\/span>\n            <\/div>\n            <div data-from=\"0\" data-to=\"8500\" class=\"gr-number-counter\">\n                8500            <\/div>\n            <div class=\"gr-text-default\">Wykonanych nadruk\u00f3w na p\u0142yty<\/div>\n        <\/div>\n    <\/div>\n<\/div>            <\/div>\n                [\/vc_column_inner][vc_column_inner width=&#8221;1\/4&#8243;]                    <div class=\" \">\n                <div class=\"counter-shortcode-wrap style_4 \">\n    <div class=\"gr-counter gr-animated\">\n        <div class=\"content-inner\">\n            <div class=\"icon-wrap\" style=\"color:#006ad0\">\n                <span class=\"simpline icon-user\"><\/span>\n            <\/div>\n            <div data-from=\"0\" data-to=\"12\" class=\"gr-number-counter\">\n                12            <\/div>\n            <div class=\"gr-text-default\">Do\u015bwiadczenia w bran\u017cy poligraficznej<\/div>\n        <\/div>\n    <\/div>\n<\/div>            <\/div>\n                [\/vc_column_inner][vc_column_inner width=&#8221;1\/4&#8243;]                    <div class=\" \">\n                <div class=\"counter-shortcode-wrap style_4 \">\n    <div class=\"gr-counter gr-animated\">\n        <div class=\"content-inner\">\n            <div class=\"icon-wrap\" style=\"color:#006ad0\">\n                <span class=\"simpline icon-emotsmile\"><\/span>\n            <\/div>\n            <div data-from=\"0\" data-to=\"512\" class=\"gr-number-counter\">\n                512            <\/div>\n            <div class=\"gr-text-default\">Zadowolonych klient\u00f3w<\/div>\n        <\/div>\n    <\/div>\n<\/div>            <\/div>\n                [\/vc_column_inner][vc_column_inner width=&#8221;1\/4&#8243;]                    <div class=\" \">\n                <div class=\"counter-shortcode-wrap style_4 \">\n    <div class=\"gr-counter gr-animated\">\n        <div class=\"content-inner\">\n            <div class=\"icon-wrap\" style=\"color:#006ad0\">\n                <span class=\"simpline icon-heart\"><\/span>\n            <\/div>\n            <div data-from=\"0\" data-to=\"98\" class=\"gr-number-counter\">\n                98            <\/div>\n            <div class=\"gr-text-default\">Satysfakcji z jako\u015bci i trwa\u0142o\u015bci nadruku<\/div>\n        <\/div>\n    <\/div>\n<\/div>            <\/div>\n                [\/vc_column_inner][\/vc_row_inner][\/vc_column][\/vc_row][vc_row full_width=&#8221;stretch_row&#8221; css=&#8221;.vc_custom_1551327866846{padding-top: 1% !important;background-image: url(http:\/\/serwer361659.lh.pl\/autoinstalator\/serwer361659.lh.pl\/wordpress121898\/wp-content\/uploads\/2019\/01\/faq-bg-3.jpg?id=333) !important;}&#8221; el_class=&#8221;faq-home-3&#8243;][vc_column][vc_row_inner][vc_column_inner width=&#8221;1\/2&#8243;][vc_single_image image=&#8221;334&#8243; img_size=&#8221;full&#8221; css=&#8221;.vc_custom_1548241269275{margin-bottom: 0px !important;}&#8221; el_class=&#8221;faq-image-home3&#8243;][\/vc_column_inner][vc_column_inner width=&#8221;1\/2&#8243;][vc_custom_heading heading_style=&#8221;heading_style_5&#8243; text=&#8221;Pytania i odpowiedzi&#8221; use_theme_fonts=&#8221;yes&#8221; css=&#8221;&#8221; sub_heading=&#8221;FAQ&#8221;]                    <div class=\" vc_custom_1757721018967  \">\n                <div class=\"accordion-shortcode-wrap style_1 \">\n    <div class=\"accordion-shortcode-content\">\n        <div class=\"panel-group\" id=\"accordion-399893479\">\n                        <div class=\"panel active\">\n                <div class=\"panel-heading\">\n                    <h4 class=\"panel-title\">\n                        <a data-toggle=\"collapse\" class=\"in\" data-parent=\"#accordion-399893479\" href=\"#jak-moge-zamowic-nadruk-na-plyty-cd-lub-dvd\">Jak mog\u0119 zam\u00f3wi\u0107 nadruk na p\u0142yty CD lub DVD?<\/a>\n                    <\/h4>\n                <\/div>\n                <div id=\"jak-moge-zamowic-nadruk-na-plyty-cd-lub-dvd\" class=\"panel-collapse collapse in\">\n                    <div class=\"panel-body\">\n                        Zam\u00f3wienie jest bardzo proste \u2013 wystarczy wype\u0142ni\u0107 formularz kontaktowy na naszej stronie lub przes\u0142a\u0107 zapytanie mailowo. Nasz zesp\u00f3\u0142 przygotuje indywidualn\u0105 wycen\u0119 i przedstawi szczeg\u00f3\u0142y realizacji.                    <\/div>\n                <\/div>\n            <\/div>\n                        <div class=\"panel \">\n                <div class=\"panel-heading\">\n                    <h4 class=\"panel-title\">\n                        <a data-toggle=\"collapse\" class=\"\" data-parent=\"#accordion-399893479\" href=\"#od-ilu-sztuk-realizujecie-nadruki\">Od ilu sztuk realizujecie nadruki?<\/a>\n                    <\/h4>\n                <\/div>\n                <div id=\"od-ilu-sztuk-realizujecie-nadruki\" class=\"panel-collapse collapse \">\n                    <div class=\"panel-body\">\n                        Nadruki wykonujemy ju\u017c od 1 sztuki, jednak najatrakcyjniejsze ceny zaczynaj\u0105 si\u0119 od 100 sztuk, a najlepsze rabaty oferujemy przy zam\u00f3wieniach od 1000 sztuk.                    <\/div>\n                <\/div>\n            <\/div>\n                        <div class=\"panel \">\n                <div class=\"panel-heading\">\n                    <h4 class=\"panel-title\">\n                        <a data-toggle=\"collapse\" class=\"\" data-parent=\"#accordion-399893479\" href=\"#czy-wykonujecie-nadruki-takze-na-opakowania\">Czy wykonujecie nadruki tak\u017ce na opakowania?<\/a>\n                    <\/h4>\n                <\/div>\n                <div id=\"czy-wykonujecie-nadruki-takze-na-opakowania\" class=\"panel-collapse collapse \">\n                    <div class=\"panel-body\">\n                        Tak. Oferujemy pe\u0142ny zakres us\u0142ug \u2013 nadruki na koperty kartonowe, digipacki, pude\u0142ka CD slim, DVD boxy oraz inne opakowania dedykowane p\u0142ytom.                    <\/div>\n                <\/div>\n            <\/div>\n                        <div class=\"panel \">\n                <div class=\"panel-heading\">\n                    <h4 class=\"panel-title\">\n                        <a data-toggle=\"collapse\" class=\"\" data-parent=\"#accordion-399893479\" href=\"#czy-realizujecie-zamowienia-dla-branzy-medycznej-rtg\">Czy realizujecie zam\u00f3wienia dla bran\u017cy medycznej RTG?<\/a>\n                    <\/h4>\n                <\/div>\n                <div id=\"czy-realizujecie-zamowienia-dla-branzy-medycznej-rtg\" class=\"panel-collapse collapse \">\n                    <div class=\"panel-body\">\n                        Tak, bran\u017ca medyczna to nasi g\u0142\u00f3wni klienci. Wsp\u00f3\u0142pracujemy z gabinetami RTG, klinikami oraz plac\u00f3wkami medycznymi, dostarczaj\u0105c profesjonalnie oznakowane p\u0142yty i opakowania.                    <\/div>\n                <\/div>\n            <\/div>\n                        <div class=\"panel \">\n                <div class=\"panel-heading\">\n                    <h4 class=\"panel-title\">\n                        <a data-toggle=\"collapse\" class=\"\" data-parent=\"#accordion-399893479\" href=\"#czy-wykonujecie-nadruki-rowniez-dla-muzykow-i-zespolow\">Czy wykonujecie nadruki r\u00f3wnie\u017c dla muzyk\u00f3w i zespo\u0142\u00f3w?<\/a>\n                    <\/h4>\n                <\/div>\n                <div id=\"czy-wykonujecie-nadruki-rowniez-dla-muzykow-i-zespolow\" class=\"panel-collapse collapse \">\n                    <div class=\"panel-body\">\n                        Oczywi\u015bcie! Projektujemy i realizujemy nadruki dla muzyk\u00f3w, zespo\u0142\u00f3w i wytw\u00f3rni muzycznych, dbaj\u0105c o to, aby ka\u017cda p\u0142yta wyr\u00f3\u017cnia\u0142a si\u0119 profesjonalnym wygl\u0105dem.                    <\/div>\n                <\/div>\n            <\/div>\n                    <\/div>\n    <\/div>\n<\/div>            <\/div>\n                [\/vc_column_inner][\/vc_row_inner][\/vc_column][\/vc_row]<\/p>\n<\/div>","protected":false},"excerpt":{"rendered":"<p>[vc_row css=&#8221;.vc_custom_1553065946018{padding-top: 5% !important;padding-bottom: 8% !important;}&#8221;][vc_column width=&#8221;1\/2&#8243;][vc_row_inner css=&#8221;.vc_custom_1551327687711{padding-top: 3% !important;}&#8221;][vc_column_inner][vc_custom_heading heading_style=&#8221;heading_style_5&#8243; text=&#8221;Nadruki na p\u0142yty DVD&#8221; use_theme_fonts=&#8221;yes&#8221; css=&#8221;&#8221; sub_heading=&#8221;Nadruki DVD&#8221; hightlight_heading=&#8221;Opakowa\u0144&#8221;][vc_column_text css=&#8221;.vc_custom_1757725240402{padding-top: 6% !important;padding-bottom: 3% !important;}&#8221;] Nadruki na p\u0142yty DVD \u2013 profesjonalna realizacja Oferujemy wysokiej jako\u015bci nadruki na p\u0142yty DVD \u2013 idealne dla firm, muzyk\u00f3w, studi\u00f3w nagraniowych i bran\u017cy medycznej. Korzystamy z p\u0142yt DVD-R o standardowej [&hellip;]<\/p>\n","protected":false},"author":1,"featured_media":0,"parent":0,"menu_order":0,"comment_status":"closed","ping_status":"closed","template":"","meta":{"_monsterinsights_skip_tracking":false,"_monsterinsights_sitenote_active":false,"_monsterinsights_sitenote_note":"","_monsterinsights_sitenote_category":0,"footnotes":""},"class_list":["post-3072","page","type-page","status-publish","hentry","clearfix"],"aioseo_notices":[],"jetpack_sharing_enabled":true,"_links":{"self":[{"href":"https:\/\/nadruki-na-plyty.pl\/index.php\/wp-json\/wp\/v2\/pages\/3072","targetHints":{"allow":["GET"]}}],"collection":[{"href":"https:\/\/nadruki-na-plyty.pl\/index.php\/wp-json\/wp\/v2\/pages"}],"about":[{"href":"https:\/\/nadruki-na-plyty.pl\/index.php\/wp-json\/wp\/v2\/types\/page"}],"author":[{"embeddable":true,"href":"https:\/\/nadruki-na-plyty.pl\/index.php\/wp-json\/wp\/v2\/users\/1"}],"replies":[{"embeddable":true,"href":"https:\/\/nadruki-na-plyty.pl\/index.php\/wp-json\/wp\/v2\/comments?post=3072"}],"version-history":[{"count":2,"href":"https:\/\/nadruki-na-plyty.pl\/index.php\/wp-json\/wp\/v2\/pages\/3072\/revisions"}],"predecessor-version":[{"id":3074,"href":"https:\/\/nadruki-na-plyty.pl\/index.php\/wp-json\/wp\/v2\/pages\/3072\/revisions\/3074"}],"wp:attachment":[{"href":"https:\/\/nadruki-na-plyty.pl\/index.php\/wp-json\/wp\/v2\/media?parent=3072"}],"curies":[{"name":"wp","href":"https:\/\/api.w.org\/{rel}","templated":true}]}}