{"id":3092,"date":"2025-09-13T03:33:38","date_gmt":"2025-09-13T01:33:38","guid":{"rendered":"http:\/\/serwer361659.lh.pl\/autoinstalator\/serwer361659.lh.pl\/wordpress121898\/?page_id=3092"},"modified":"2025-09-13T03:33:47","modified_gmt":"2025-09-13T01:33:47","slug":"pudelka-cd-standard","status":"publish","type":"page","link":"https:\/\/nadruki-na-plyty.pl\/index.php\/pudelka-cd-standard\/","title":{"rendered":"Pude\u0142ka CD standard"},"content":{"rendered":"<div class=\"wpb-content-wrapper\"><p>[vc_row css=&#8221;.vc_custom_1553065946018{padding-top: 5% !important;padding-bottom: 8% !important;}&#8221;][vc_column width=&#8221;1\/2&#8243;][vc_row_inner css=&#8221;.vc_custom_1551327687711{padding-top: 3% !important;}&#8221;][vc_column_inner][vc_custom_heading heading_style=&#8221;heading_style_5&#8243; text=&#8221;CD standard&#8221; use_theme_fonts=&#8221;yes&#8221; css=&#8221;&#8221; sub_heading=&#8221;Pude\u0142ka&#8221; hightlight_heading=&#8221;nadrukiem&#8221;][vc_column_text css=&#8221;.vc_custom_1757727138871{padding-top: 6% !important;padding-bottom: 3% !important;}&#8221;]<\/p>\n<h3 data-start=\"94\" data-end=\"158\">Pude\u0142ka CD Standard z nadrukiem ok\u0142adki frontowej i tylnej<\/h3>\n<p data-start=\"160\" data-end=\"438\">Oferujemy wysokiej jako\u015bci <strong data-start=\"187\" data-end=\"249\">pude\u0142ka CD standard z nadrukiem ok\u0142adki frontowej i tylnej<\/strong>, idealne do p\u0142yt muzycznych, filmowych, reklamowych oraz archiwizacyjnych. To klasyczne, najcz\u0119\u015bciej wybierane opakowanie, kt\u00f3re zapewnia estetyczn\u0105 prezentacj\u0119 oraz pe\u0142n\u0105 ochron\u0119 p\u0142yty.<\/p>\n<p data-start=\"440\" data-end=\"751\">\u2705 Ok\u0142adka <strong data-start=\"450\" data-end=\"462\">frontowa<\/strong> (12,2 \u00d7 12,2 cm, 300 dpi) \u2013 miejsce na grafik\u0119, logo, opis lub projekt indywidualny<br data-start=\"546\" data-end=\"549\" \/>\u2705 Ok\u0142adka <strong data-start=\"559\" data-end=\"568\">tylna<\/strong> z miejscem na spis utwor\u00f3w, opis tre\u015bci lub dodatkowe informacje<br data-start=\"633\" data-end=\"636\" \/>\u2705 Profesjonalny nadruk w pe\u0142nym kolorze i najwy\u017cszej jako\u015bci<br data-start=\"696\" data-end=\"699\" \/>\u2705 Realizacja zar\u00f3wno ma\u0142ych, jak i du\u017cych nak\u0142ad\u00f3w<\/p>\n<p data-start=\"753\" data-end=\"946\">Nasze <strong data-start=\"759\" data-end=\"809\">pude\u0142ka CD standard z ok\u0142adk\u0105 frontow\u0105 i tyln\u0105<\/strong> to najlepsze rozwi\u0105zanie dla firm, muzyk\u00f3w, wydawnictw i bran\u017cy medycznej, kt\u00f3re stawiaj\u0105 na profesjonalny wygl\u0105d i trwa\u0142o\u015b\u0107 opakowa\u0144.<\/p>\n<p>[\/vc_column_text][\/vc_column_inner][\/vc_row_inner][\/vc_column][vc_column width=&#8221;1\/2&#8243;][vc_row_inner][vc_column_inner]                        <div class=\" vc_custom_1757727217498  \">\n                <div class=\"banner-shortcode-wrap style_1 \">\n    <div class=\"banner-content-wrap\">\n                                    <img decoding=\"async\" src=\"https:\/\/nadruki-na-plyty.pl\/wp-content\/uploads\/2025\/09\/cd-standard.jpg\" alt=\"\">\n                        <div class=\"banner-content-inner\">\n                <div class=\"banner-content\">\n                                                        <\/div>\n            <\/div>\n            <\/div>\n<\/div>            <\/div>\n                    [\/vc_column_inner][\/vc_row_inner][\/vc_column][\/vc_row][vc_row full_width=&#8221;stretch_row&#8221; css=&#8221;.vc_custom_1551327762446{padding-top: 4% !important;padding-bottom: 7% !important;background-color: #f0f0f0 !important;}&#8221;][vc_column][vc_row_inner][vc_column_inner width=&#8221;1\/4&#8243;]                    <div class=\" \">\n                <div class=\"counter-shortcode-wrap style_4 \">\n    <div class=\"gr-counter gr-animated\">\n        <div class=\"content-inner\">\n            <div class=\"icon-wrap\" style=\"color:#006ad0\">\n                <span class=\"simpline icon-plane\"><\/span>\n            <\/div>\n            <div data-from=\"0\" data-to=\"8500\" class=\"gr-number-counter\">\n                8500            <\/div>\n            <div class=\"gr-text-default\">Wykonanych nadruk\u00f3w na p\u0142yty<\/div>\n        <\/div>\n    <\/div>\n<\/div>            <\/div>\n                [\/vc_column_inner][vc_column_inner width=&#8221;1\/4&#8243;]                    <div class=\" \">\n                <div class=\"counter-shortcode-wrap style_4 \">\n    <div class=\"gr-counter gr-animated\">\n        <div class=\"content-inner\">\n            <div class=\"icon-wrap\" style=\"color:#006ad0\">\n                <span class=\"simpline icon-user\"><\/span>\n            <\/div>\n            <div data-from=\"0\" data-to=\"12\" class=\"gr-number-counter\">\n                12            <\/div>\n            <div class=\"gr-text-default\">Do\u015bwiadczenia w bran\u017cy poligraficznej<\/div>\n        <\/div>\n    <\/div>\n<\/div>            <\/div>\n                [\/vc_column_inner][vc_column_inner width=&#8221;1\/4&#8243;]                    <div class=\" \">\n                <div class=\"counter-shortcode-wrap style_4 \">\n    <div class=\"gr-counter gr-animated\">\n        <div class=\"content-inner\">\n            <div class=\"icon-wrap\" style=\"color:#006ad0\">\n                <span class=\"simpline icon-emotsmile\"><\/span>\n            <\/div>\n            <div data-from=\"0\" data-to=\"512\" class=\"gr-number-counter\">\n                512            <\/div>\n            <div class=\"gr-text-default\">Zadowolonych klient\u00f3w<\/div>\n        <\/div>\n    <\/div>\n<\/div>            <\/div>\n                [\/vc_column_inner][vc_column_inner width=&#8221;1\/4&#8243;]                    <div class=\" \">\n                <div class=\"counter-shortcode-wrap style_4 \">\n    <div class=\"gr-counter gr-animated\">\n        <div class=\"content-inner\">\n            <div class=\"icon-wrap\" style=\"color:#006ad0\">\n                <span class=\"simpline icon-heart\"><\/span>\n            <\/div>\n            <div data-from=\"0\" data-to=\"98\" class=\"gr-number-counter\">\n                98            <\/div>\n            <div class=\"gr-text-default\">Satysfakcji z jako\u015bci i trwa\u0142o\u015bci nadruku<\/div>\n        <\/div>\n    <\/div>\n<\/div>            <\/div>\n                [\/vc_column_inner][\/vc_row_inner][\/vc_column][\/vc_row][vc_row full_width=&#8221;stretch_row&#8221; css=&#8221;.vc_custom_1551327866846{padding-top: 1% !important;background-image: url(http:\/\/serwer361659.lh.pl\/autoinstalator\/serwer361659.lh.pl\/wordpress121898\/wp-content\/uploads\/2019\/01\/faq-bg-3.jpg?id=333) !important;}&#8221; el_class=&#8221;faq-home-3&#8243;][vc_column][vc_row_inner][vc_column_inner width=&#8221;1\/2&#8243;][vc_single_image image=&#8221;334&#8243; img_size=&#8221;full&#8221; css=&#8221;.vc_custom_1548241269275{margin-bottom: 0px !important;}&#8221; el_class=&#8221;faq-image-home3&#8243;][\/vc_column_inner][vc_column_inner width=&#8221;1\/2&#8243;][vc_custom_heading heading_style=&#8221;heading_style_5&#8243; text=&#8221;Pytania i odpowiedzi&#8221; use_theme_fonts=&#8221;yes&#8221; css=&#8221;&#8221; sub_heading=&#8221;FAQ&#8221;]                    <div class=\" vc_custom_1757721018967  \">\n                <div class=\"accordion-shortcode-wrap style_1 \">\n    <div class=\"accordion-shortcode-content\">\n        <div class=\"panel-group\" id=\"accordion-144273840\">\n                        <div class=\"panel active\">\n                <div class=\"panel-heading\">\n                    <h4 class=\"panel-title\">\n                        <a data-toggle=\"collapse\" class=\"in\" data-parent=\"#accordion-144273840\" href=\"#jak-moge-zamowic-nadruk-na-plyty-cd-lub-dvd\">Jak mog\u0119 zam\u00f3wi\u0107 nadruk na p\u0142yty CD lub DVD?<\/a>\n                    <\/h4>\n                <\/div>\n                <div id=\"jak-moge-zamowic-nadruk-na-plyty-cd-lub-dvd\" class=\"panel-collapse collapse in\">\n                    <div class=\"panel-body\">\n                        Zam\u00f3wienie jest bardzo proste \u2013 wystarczy wype\u0142ni\u0107 formularz kontaktowy na naszej stronie lub przes\u0142a\u0107 zapytanie mailowo. Nasz zesp\u00f3\u0142 przygotuje indywidualn\u0105 wycen\u0119 i przedstawi szczeg\u00f3\u0142y realizacji.                    <\/div>\n                <\/div>\n            <\/div>\n                        <div class=\"panel \">\n                <div class=\"panel-heading\">\n                    <h4 class=\"panel-title\">\n                        <a data-toggle=\"collapse\" class=\"\" data-parent=\"#accordion-144273840\" href=\"#od-ilu-sztuk-realizujecie-nadruki\">Od ilu sztuk realizujecie nadruki?<\/a>\n                    <\/h4>\n                <\/div>\n                <div id=\"od-ilu-sztuk-realizujecie-nadruki\" class=\"panel-collapse collapse \">\n                    <div class=\"panel-body\">\n                        Nadruki wykonujemy ju\u017c od 1 sztuki, jednak najatrakcyjniejsze ceny zaczynaj\u0105 si\u0119 od 100 sztuk, a najlepsze rabaty oferujemy przy zam\u00f3wieniach od 1000 sztuk.                    <\/div>\n                <\/div>\n            <\/div>\n                        <div class=\"panel \">\n                <div class=\"panel-heading\">\n                    <h4 class=\"panel-title\">\n                        <a data-toggle=\"collapse\" class=\"\" data-parent=\"#accordion-144273840\" href=\"#czy-wykonujecie-nadruki-takze-na-opakowania\">Czy wykonujecie nadruki tak\u017ce na opakowania?<\/a>\n                    <\/h4>\n                <\/div>\n                <div id=\"czy-wykonujecie-nadruki-takze-na-opakowania\" class=\"panel-collapse collapse \">\n                    <div class=\"panel-body\">\n                        Tak. Oferujemy pe\u0142ny zakres us\u0142ug \u2013 nadruki na koperty kartonowe, digipacki, pude\u0142ka CD slim, DVD boxy oraz inne opakowania dedykowane p\u0142ytom.                    <\/div>\n                <\/div>\n            <\/div>\n                        <div class=\"panel \">\n                <div class=\"panel-heading\">\n                    <h4 class=\"panel-title\">\n                        <a data-toggle=\"collapse\" class=\"\" data-parent=\"#accordion-144273840\" href=\"#czy-realizujecie-zamowienia-dla-branzy-medycznej-rtg\">Czy realizujecie zam\u00f3wienia dla bran\u017cy medycznej RTG?<\/a>\n                    <\/h4>\n                <\/div>\n                <div id=\"czy-realizujecie-zamowienia-dla-branzy-medycznej-rtg\" class=\"panel-collapse collapse \">\n                    <div class=\"panel-body\">\n                        Tak, bran\u017ca medyczna to nasi g\u0142\u00f3wni klienci. Wsp\u00f3\u0142pracujemy z gabinetami RTG, klinikami oraz plac\u00f3wkami medycznymi, dostarczaj\u0105c profesjonalnie oznakowane p\u0142yty i opakowania.                    <\/div>\n                <\/div>\n            <\/div>\n                        <div class=\"panel \">\n                <div class=\"panel-heading\">\n                    <h4 class=\"panel-title\">\n                        <a data-toggle=\"collapse\" class=\"\" data-parent=\"#accordion-144273840\" href=\"#czy-wykonujecie-nadruki-rowniez-dla-muzykow-i-zespolow\">Czy wykonujecie nadruki r\u00f3wnie\u017c dla muzyk\u00f3w i zespo\u0142\u00f3w?<\/a>\n                    <\/h4>\n                <\/div>\n                <div id=\"czy-wykonujecie-nadruki-rowniez-dla-muzykow-i-zespolow\" class=\"panel-collapse collapse \">\n                    <div class=\"panel-body\">\n                        Oczywi\u015bcie! Projektujemy i realizujemy nadruki dla muzyk\u00f3w, zespo\u0142\u00f3w i wytw\u00f3rni muzycznych, dbaj\u0105c o to, aby ka\u017cda p\u0142yta wyr\u00f3\u017cnia\u0142a si\u0119 profesjonalnym wygl\u0105dem.                    <\/div>\n                <\/div>\n            <\/div>\n                    <\/div>\n    <\/div>\n<\/div>            <\/div>\n                [\/vc_column_inner][\/vc_row_inner][\/vc_column][\/vc_row][vc_row full_width=&#8221;stretch_row&#8221; overlay_set=&#8221;show_overlay_color&#8221; overlay_color=&#8221;#464646&#8243; overlay_opacity=&#8221;80&#8243; css=&#8221;.vc_custom_1548326532107{padding-top: 3% !important;padding-bottom: 8% !important;background-image: url(http:\/\/serwer361659.lh.pl\/autoinstalator\/serwer361659.lh.pl\/wordpress121898\/wp-content\/uploads\/2019\/01\/call-us-bg3.jpg?id=336) !important;background-position: center !important;background-repeat: no-repeat !important;background-size: cover !important;}&#8221;][vc_column][vc_row_inner][vc_column_inner][vc_custom_heading heading_style=&#8221;heading_style_4&#8243; text=&#8221;Potrzebujesz nadruku na p\u0142yty CD\/DVD lub opakowania?&#8221; font_container=&#8221;tag:h2|text_align:center|color:%23ffffff&#8221; use_theme_fonts=&#8221;yes&#8221; css=&#8221;&#8221;][\/vc_column_inner][\/vc_row_inner][vc_row_inner][vc_column_inner width=&#8221;1\/12&#8243;][\/vc_column_inner][vc_column_inner width=&#8221;5\/6&#8243;][vc_column_text css=&#8221;.vc_custom_1757721198963{padding-top: 2% !important;padding-right: 5% !important;padding-bottom: 1% !important;padding-left: 5% !important;}&#8221; el_class=&#8221;text-white&#8221;]<\/p>\n<p style=\"text-align: center;\">Specjalizujemy si\u0119 w profesjonalnych nadrukach na p\u0142yty oraz opakowania \u2013 od kopert kartonowych, przez digipacki, po pude\u0142ka DVD box i CD slim. Obs\u0142ugujemy zar\u00f3wno bran\u017c\u0119 medyczn\u0105 (RTG), jak i muzyk\u00f3w, zespo\u0142y czy firmy biznesowe. Gwarantujemy najwy\u017csz\u0105 jako\u015b\u0107 i trwa\u0142o\u015b\u0107 nadruku ju\u017c od 1 sztuki.<\/p>\n<p>[\/vc_column_text][\/vc_column_inner][vc_column_inner width=&#8221;1\/12&#8243;][\/vc_column_inner][\/vc_row_inner][vc_row_inner][vc_column_inner width=&#8221;1\/2&#8243;][vc_btn button_style=&#8221;button_style_2&#8243; title=&#8221;Kontakt z nami&#8221; align=&#8221;right&#8221; css=&#8221;&#8221; link=&#8221;url:%23|||&#8221; el_class=&#8221;rs-align-xs-center&#8221;][\/vc_column_inner][vc_column_inner width=&#8221;1\/2&#8243;][vc_btn button_style=&#8221;button_style_1&#8243; title=&#8221;Call 660 085 102&#8243; align=&#8221;left&#8221; css=&#8221;&#8221; link=&#8221;url:%23|||&#8221; el_class=&#8221;rs-align-xs-center&#8221;][\/vc_column_inner][\/vc_row_inner][\/vc_column][\/vc_row]<\/p>\n<\/div>","protected":false},"excerpt":{"rendered":"<p>[vc_row css=&#8221;.vc_custom_1553065946018{padding-top: 5% !important;padding-bottom: 8% !important;}&#8221;][vc_column width=&#8221;1\/2&#8243;][vc_row_inner css=&#8221;.vc_custom_1551327687711{padding-top: 3% !important;}&#8221;][vc_column_inner][vc_custom_heading heading_style=&#8221;heading_style_5&#8243; text=&#8221;CD standard&#8221; use_theme_fonts=&#8221;yes&#8221; css=&#8221;&#8221; sub_heading=&#8221;Pude\u0142ka&#8221; hightlight_heading=&#8221;nadrukiem&#8221;][vc_column_text css=&#8221;.vc_custom_1757727138871{padding-top: 6% !important;padding-bottom: 3% !important;}&#8221;] Pude\u0142ka CD Standard z nadrukiem ok\u0142adki frontowej i tylnej Oferujemy wysokiej jako\u015bci pude\u0142ka CD standard z nadrukiem ok\u0142adki frontowej i tylnej, idealne do p\u0142yt muzycznych, filmowych, reklamowych oraz archiwizacyjnych. To klasyczne, najcz\u0119\u015bciej wybierane [&hellip;]<\/p>\n","protected":false},"author":1,"featured_media":0,"parent":0,"menu_order":0,"comment_status":"closed","ping_status":"closed","template":"","meta":{"_monsterinsights_skip_tracking":false,"_monsterinsights_sitenote_active":false,"_monsterinsights_sitenote_note":"","_monsterinsights_sitenote_category":0,"footnotes":""},"class_list":["post-3092","page","type-page","status-publish","hentry","clearfix"],"aioseo_notices":[],"jetpack_sharing_enabled":true,"_links":{"self":[{"href":"https:\/\/nadruki-na-plyty.pl\/index.php\/wp-json\/wp\/v2\/pages\/3092","targetHints":{"allow":["GET"]}}],"collection":[{"href":"https:\/\/nadruki-na-plyty.pl\/index.php\/wp-json\/wp\/v2\/pages"}],"about":[{"href":"https:\/\/nadruki-na-plyty.pl\/index.php\/wp-json\/wp\/v2\/types\/page"}],"author":[{"embeddable":true,"href":"https:\/\/nadruki-na-plyty.pl\/index.php\/wp-json\/wp\/v2\/users\/1"}],"replies":[{"embeddable":true,"href":"https:\/\/nadruki-na-plyty.pl\/index.php\/wp-json\/wp\/v2\/comments?post=3092"}],"version-history":[{"count":2,"href":"https:\/\/nadruki-na-plyty.pl\/index.php\/wp-json\/wp\/v2\/pages\/3092\/revisions"}],"predecessor-version":[{"id":3095,"href":"https:\/\/nadruki-na-plyty.pl\/index.php\/wp-json\/wp\/v2\/pages\/3092\/revisions\/3095"}],"wp:attachment":[{"href":"https:\/\/nadruki-na-plyty.pl\/index.php\/wp-json\/wp\/v2\/media?parent=3092"}],"curies":[{"name":"wp","href":"https:\/\/api.w.org\/{rel}","templated":true}]}}