{"id":439,"date":"2019-01-30T10:22:49","date_gmt":"2019-01-30T10:22:49","guid":{"rendered":"https:\/\/demo.harutheme.com\/pangja\/?page_id=439"},"modified":"2025-09-13T02:32:27","modified_gmt":"2025-09-13T00:32:27","slug":"about-us","status":"publish","type":"page","link":"https:\/\/nadruki-na-plyty.pl\/index.php\/about-us\/","title":{"rendered":"O nas"},"content":{"rendered":"<div class=\"wpb-content-wrapper\"><p>[vc_row full_width=&#8221;stretch_row&#8221; css=&#8221;.vc_custom_1552630474750{background-image: url(http:\/\/serwer361659.lh.pl\/autoinstalator\/serwer361659.lh.pl\/wordpress121898\/wp-content\/uploads\/2019\/02\/decor-about.png?id=543) !important;}&#8221; el_class=&#8221;about-us-decor&#8221;][vc_column][vc_row_inner][vc_column_inner el_class=&#8221;about-us-heading&#8221; width=&#8221;1\/2&#8243;][vc_custom_heading heading_style=&#8221;heading_style_4&#8243; text=&#8221;O nas&#8221; use_theme_fonts=&#8221;yes&#8221; css=&#8221;&#8221;][vc_custom_heading heading_style=&#8221;heading_style_8&#8243; text=&#8221;FotoRob&#8221; use_theme_fonts=&#8221;yes&#8221; css=&#8221;.vc_custom_1757722811025{margin-top: 0px !important;}&#8221;][vc_column_text css=&#8221;.vc_custom_1757722827351{padding-top: 5% !important;padding-bottom: 3% !important;}&#8221;]<\/p>\n<p data-start=\"238\" data-end=\"471\">W Fotorob od lat specjalizujemy si\u0119 w <strong data-start=\"276\" data-end=\"343\">nadrukach na p\u0142yty CD i DVD oraz personalizowanych opakowaniach<\/strong>. Nasz\u0105 misj\u0105 jest dostarczanie us\u0142ug najwy\u017cszej jako\u015bci, kt\u00f3re \u0142\u0105cz\u0105 <strong data-start=\"413\" data-end=\"468\">profesjonalny wygl\u0105d, trwa\u0142o\u015b\u0107 i precyzj\u0119 wykonania<\/strong>.<\/p>\n<p data-start=\"473\" data-end=\"653\">Obs\u0142ugujemy r\u00f3\u017cne bran\u017ce \u2013 od <strong data-start=\"503\" data-end=\"542\">medycznej (RTG, archiwizacja bada\u0144)<\/strong>, przez <strong data-start=\"550\" data-end=\"560\">biznes<\/strong>, a\u017c po <strong data-start=\"568\" data-end=\"589\">muzyk\u00f3w i zespo\u0142y<\/strong>, kt\u00f3rzy chc\u0105 zaprezentowa\u0107 swoje albumy w wyj\u0105tkowej oprawie.<\/p>\n<p data-start=\"655\" data-end=\"887\">Dzi\u0119ki nowoczesnym technologiom nadruku i w\u0142asnemu zapleczu graficznemu zapewniamy kompleksow\u0105 obs\u0142ug\u0119: od projektu graficznego p\u0142yty, przez nadruk, a\u017c po wykonanie opakowania (koperty kartonowe, digipacki, pude\u0142ka slim, DVD box).<\/p>\n<p>[\/vc_column_text][\/vc_column_inner][vc_column_inner width=&#8221;1\/2&#8243;][vc_single_image image=&#8221;541&#8243; img_size=&#8221;full&#8221; el_class=&#8221;about-us-image&#8221;][\/vc_column_inner][\/vc_row_inner][\/vc_column][\/vc_row][vc_row full_width=&#8221;stretch_row&#8221; css=&#8221;.vc_custom_1550649143400{padding-top: 5% !important;padding-bottom: 8% !important;background-image: url(http:\/\/serwer361659.lh.pl\/autoinstalator\/serwer361659.lh.pl\/wordpress121898\/wp-content\/uploads\/2019\/01\/counter-bg-1.jpg?id=166) !important;background-position: center !important;background-repeat: no-repeat !important;background-size: cover !important;}&#8221;][vc_column][\/vc_column][vc_column][\/vc_column][\/vc_row][vc_row full_width=&#8221;stretch_row&#8221; css=&#8221;.vc_custom_1551167033517{padding-bottom: 7% !important;background-color: #eef4fb !important;}&#8221;][vc_column width=&#8221;5\/12&#8243; el_class=&#8221;haru-col-sm-5&#8243;][vc_row_inner][vc_column_inner][vc_custom_heading heading_style=&#8221;heading_style_1&#8243; text=&#8221;Nadrukach reklamowe&#8221; use_theme_fonts=&#8221;yes&#8221; css=&#8221;&#8221; sub_heading=&#8221;Nasze us\u0142ugi&#8221;][vc_column_text css=&#8221;.vc_custom_1748649061572{padding-top: 2% !important;}&#8221;]Oferujemy kompleksowe us\u0142ugi nadruku na p\u0142yty CD i DVD oraz ich opakowania \u2013 od pude\u0142ek standard i slim po koperty kartonowe. Realizujemy zam\u00f3wienia dla bran\u017cy medycznej (RTG, diagnostyka obrazowa), muzyk\u00f3w, studi\u00f3w nagra\u0144 i firm multimedialnych. Wykonujemy nadruki\u00a0 zapewniaj\u0105c wysok\u0105 jako\u015b\u0107 i trwa\u0142o\u015b\u0107. Mo\u017cemy r\u00f3wnie\u017c przygotowa\u0107 dla Pa\u0144stwa kompletny projekt graficzny \u2013 od pomys\u0142u po gotowy produkt \u2013 zgodny z bran\u017c\u0105 i indywidualnymi oczekiwaniami.[\/vc_column_text][vc_btn button_style=&#8221;button_style_1&#8243; title=&#8221;Nasza oferta&#8221; css=&#8221;&#8221; link=&#8221;url:%23|||&#8221;][\/vc_column_inner][\/vc_row_inner][\/vc_column][vc_column width=&#8221;1\/12&#8243; el_class=&#8221;haru-col-sm-0&#8243;][\/vc_column][vc_column width=&#8221;1\/2&#8243; el_class=&#8221;haru-col-sm-7&#8243;][vc_row_inner el_class=&#8221;services-home-1&#8243;][vc_column_inner width=&#8221;1\/2&#8243;]            \n            <div class=\" \">\n                    <div class=\"icon-box-shortcode-wrap style_2 \">\n        <div class=\"icon-box-container\">\n                            <a href=\"#\" title=\"\" target=\"_self\">\n                            <div class=\"icon-wrap\">\n                    <span class=\"icon-svg icon-printer\"><\/span>\n                <\/div>\n                            <\/a>\n            \n            <div class=\"icon-content\">\n                <h5 class=\"icon-title\">\n                                            <a href=\"#\" title=\"\" target=\"_self\">\n                                        P\u0142yty CD\/DVD                                            <\/a>\n                                    <\/h5>\n                <p class=\"icon-description\">Potrzebujesz nadruku na p\u0142yty CD lub DVD? Skontaktuj si\u0119 z nami \u2013 oferujemy profesjonaln\u0105 obs\u0142ug\u0119 i najwy\u017csz\u0105 jako\u015b\u0107 wykonania.<\/p>\n            <\/div>\n        <\/div>\n    <\/div>\n            <\/div>\n            \n        [\/vc_column_inner][vc_column_inner width=&#8221;1\/2&#8243;]            \n            <div class=\" \">\n                    <div class=\"icon-box-shortcode-wrap style_2 \">\n        <div class=\"icon-box-container\">\n                            <a href=\"#\" title=\"\" target=\"_self\">\n                            <div class=\"icon-wrap\">\n                    <span class=\"icon-svg icon-tablet\"><\/span>\n                <\/div>\n                            <\/a>\n            \n            <div class=\"icon-content\">\n                <h5 class=\"icon-title\">\n                                            <a href=\"#\" title=\"\" target=\"_self\">\n                                        Projekt grafiiczny                                            <\/a>\n                                    <\/h5>\n                <p class=\"icon-description\">Nie masz projektu? Przygotujemy go dla Ciebie! Tworzymy indywidualne projekty graficzne dopasowane do Twoich potrzeb i bran\u017cy \u2013 szybko, estetycznie i profesjonalnie.<\/p>\n            <\/div>\n        <\/div>\n    <\/div>\n            <\/div>\n            \n        [\/vc_column_inner][\/vc_row_inner][vc_row_inner][vc_column_inner width=&#8221;1\/2&#8243;]            \n            <div class=\" \">\n                    <div class=\"icon-box-shortcode-wrap style_2 \">\n        <div class=\"icon-box-container\">\n                            <a href=\"#\" title=\"\" target=\"_self\">\n                            <div class=\"icon-wrap\">\n                    <span class=\"icon-svg icon-photocopier\"><\/span>\n                <\/div>\n                            <\/a>\n            \n            <div class=\"icon-content\">\n                <h5 class=\"icon-title\">\n                                            <a href=\"#\" title=\"\" target=\"_self\">\n                                        Archiwizacja danych                                            <\/a>\n                                    <\/h5>\n                <p class=\"icon-description\">Zajmujemy si\u0119 nagrywaniem i powielaniem p\u0142yt CD oraz DVD \u2013 szybko, precyzyjnie i w dowolnych nak\u0142adach. Gwarantujemy wysok\u0105 jako\u015b\u0107 zapisu i pe\u0142n\u0105 zgodno\u015b\u0107 z Twoimi wymaganiami.<\/p>\n            <\/div>\n        <\/div>\n    <\/div>\n            <\/div>\n            \n        [\/vc_column_inner][vc_column_inner width=&#8221;1\/2&#8243;]            \n            <div class=\" \">\n                    <div class=\"icon-box-shortcode-wrap style_2 \">\n        <div class=\"icon-box-container\">\n                            <a href=\"#\" title=\"\" target=\"_self\">\n                            <div class=\"icon-wrap\">\n                    <span class=\"icon-svg icon-scanner\"><\/span>\n                <\/div>\n                            <\/a>\n            \n            <div class=\"icon-content\">\n                <h5 class=\"icon-title\">\n                                            <a href=\"#\" title=\"\" target=\"_self\">\n                                        Wysy\u0142ka zam\u00f3wienia                                            <\/a>\n                                    <\/h5>\n                <p class=\"icon-description\">Zam\u00f3wione p\u0142yty i opakowania dostarczamy szybko i bezpiecznie kurierem \u2013 na terenie ca\u0142ej Polski i za granic\u0119. Gwarantujemy terminowo\u015b\u0107 i staranne zapakowanie.<\/p>\n            <\/div>\n        <\/div>\n    <\/div>\n            <\/div>\n            \n        [\/vc_column_inner][\/vc_row_inner][\/vc_column][\/vc_row]<\/p>\n<\/div>","protected":false},"excerpt":{"rendered":"<p>[vc_row full_width=&#8221;stretch_row&#8221; css=&#8221;.vc_custom_1552630474750{background-image: url(http:\/\/serwer361659.lh.pl\/autoinstalator\/serwer361659.lh.pl\/wordpress121898\/wp-content\/uploads\/2019\/02\/decor-about.png?id=543) !important;}&#8221; el_class=&#8221;about-us-decor&#8221;][vc_column][vc_row_inner][vc_column_inner el_class=&#8221;about-us-heading&#8221; width=&#8221;1\/2&#8243;][vc_custom_heading heading_style=&#8221;heading_style_4&#8243; text=&#8221;O nas&#8221; use_theme_fonts=&#8221;yes&#8221; css=&#8221;&#8221;][vc_custom_heading heading_style=&#8221;heading_style_8&#8243; text=&#8221;FotoRob&#8221; use_theme_fonts=&#8221;yes&#8221; css=&#8221;.vc_custom_1757722811025{margin-top: 0px !important;}&#8221;][vc_column_text css=&#8221;.vc_custom_1757722827351{padding-top: 5% !important;padding-bottom: 3% !important;}&#8221;] W Fotorob od lat specjalizujemy si\u0119 w nadrukach na p\u0142yty CD i DVD oraz personalizowanych opakowaniach. Nasz\u0105 misj\u0105 jest dostarczanie us\u0142ug najwy\u017cszej jako\u015bci, kt\u00f3re \u0142\u0105cz\u0105 profesjonalny wygl\u0105d, trwa\u0142o\u015b\u0107 i precyzj\u0119 wykonania. [&hellip;]<\/p>\n","protected":false},"author":1,"featured_media":0,"parent":0,"menu_order":0,"comment_status":"closed","ping_status":"closed","template":"","meta":{"_monsterinsights_skip_tracking":false,"_monsterinsights_sitenote_active":false,"_monsterinsights_sitenote_note":"","_monsterinsights_sitenote_category":0,"footnotes":""},"class_list":["post-439","page","type-page","status-publish","hentry","clearfix"],"aioseo_notices":[],"jetpack_sharing_enabled":true,"_links":{"self":[{"href":"https:\/\/nadruki-na-plyty.pl\/index.php\/wp-json\/wp\/v2\/pages\/439","targetHints":{"allow":["GET"]}}],"collection":[{"href":"https:\/\/nadruki-na-plyty.pl\/index.php\/wp-json\/wp\/v2\/pages"}],"about":[{"href":"https:\/\/nadruki-na-plyty.pl\/index.php\/wp-json\/wp\/v2\/types\/page"}],"author":[{"embeddable":true,"href":"https:\/\/nadruki-na-plyty.pl\/index.php\/wp-json\/wp\/v2\/users\/1"}],"replies":[{"embeddable":true,"href":"https:\/\/nadruki-na-plyty.pl\/index.php\/wp-json\/wp\/v2\/comments?post=439"}],"version-history":[{"count":3,"href":"https:\/\/nadruki-na-plyty.pl\/index.php\/wp-json\/wp\/v2\/pages\/439\/revisions"}],"predecessor-version":[{"id":3045,"href":"https:\/\/nadruki-na-plyty.pl\/index.php\/wp-json\/wp\/v2\/pages\/439\/revisions\/3045"}],"wp:attachment":[{"href":"https:\/\/nadruki-na-plyty.pl\/index.php\/wp-json\/wp\/v2\/media?parent=439"}],"curies":[{"name":"wp","href":"https:\/\/api.w.org\/{rel}","templated":true}]}}