{"id":443,"date":"2019-01-30T10:27:53","date_gmt":"2019-01-30T10:27:53","guid":{"rendered":"https:\/\/demo.harutheme.com\/pangja\/?page_id=443"},"modified":"2025-09-13T03:52:15","modified_gmt":"2025-09-13T01:52:15","slug":"contact-us-4","status":"publish","type":"page","link":"https:\/\/nadruki-na-plyty.pl\/index.php\/contact-us-4\/","title":{"rendered":"Kontakt"},"content":{"rendered":"<div class=\"wpb-content-wrapper\"><p>[vc_row css=&#8221;.vc_custom_1548846847156{padding-bottom: 8% !important;}&#8221;][vc_column][vc_row_inner][vc_column_inner width=&#8221;1\/2&#8243;][vc_custom_heading heading_style=&#8221;heading_style_3&#8243; text=&#8221;Napisz do nas&#8221; use_theme_fonts=&#8221;yes&#8221; css=&#8221;.vc_custom_1757728076856{padding-bottom: 4% !important;}&#8221;][vc_column_text css=&#8221;&#8221;]Masz pytania dotycz\u0105ce nadruk\u00f3w? Napisz do nas, podaj\u0105c rodzaj nadruku, ilo\u015b\u0107 oraz informacj\u0119, czy posiadasz gotowy projekt, czy potrzebujesz jego przygotowania. Na podstawie Twoich wytycznych opracujemy indywidualn\u0105 ofert\u0119. Nasz konsultant szybko skontaktuje si\u0119 z Pa\u0144stwem i doradzi najlepsze rozwi\u0105zanie.[\/vc_column_text]                        <div class=\"  \">\n                <div class=\"footer-contact-shortcode-wrap style_2 \">\n    <div class=\"footer-contact-content\">\n        <ul class=\"contact-information\">\n                                <li>\n                        <span class=\"contact-icon fa fa-brands fa-accessible-icon\"><\/span>\n                        <span class=\"contact-label\">Adres<\/span>\n                        <span class=\"contact-description\">44-100 Gliwice<\/span>\n                    <\/li>\n                                <li>\n                        <span class=\"contact-icon fa fa-brands fa-accessible-icon\"><\/span>\n                        <span class=\"contact-label\">Phone<\/span>\n                        <span class=\"contact-description\">660-085-102<\/span>\n                    <\/li>\n                                <li>\n                        <span class=\"contact-icon fa fa-brands fa-accessible-icon\"><\/span>\n                        <span class=\"contact-label\">Email<\/span>\n                        <span class=\"contact-description\">robert.babczynski1[at]gmail.com<\/span>\n                    <\/li>\n                                <li>\n                        <span class=\"contact-icon fa fa-brands fa-accessible-icon\"><\/span>\n                        <span class=\"contact-label\">Odpisujemy<\/span>\n                        <span class=\"contact-description\">Odpisujemy w ci\u0105gu 24h - w dni robocze<\/span>\n                    <\/li>\n                    <\/ul>\n    <\/div>\n<\/div>            <\/div>\n                    [\/vc_column_inner][vc_column_inner width=&#8221;1\/2&#8243;][vc_custom_heading heading_style=&#8221;heading_style_3&#8243; text=&#8221;Wy\u015blij zapytanie&#8221; use_theme_fonts=&#8221;yes&#8221; css=&#8221;.vc_custom_1757728275301{padding-bottom: 4% !important;}&#8221;]\n<div class=\"wpcf7 no-js\" id=\"wpcf7-f182-o1\" lang=\"en-US\" dir=\"ltr\" data-wpcf7-id=\"182\">\n<div class=\"screen-reader-response\"><p role=\"status\" aria-live=\"polite\" aria-atomic=\"true\"><\/p> <ul><\/ul><\/div>\n<form action=\"\/index.php\/wp-json\/wp\/v2\/pages\/443#wpcf7-f182-o1\" method=\"post\" class=\"wpcf7-form init\" aria-label=\"Contact form\" novalidate=\"novalidate\" data-status=\"init\">\n<div style=\"display: none;\">\n<input type=\"hidden\" name=\"_wpcf7\" value=\"182\" \/>\n<input type=\"hidden\" name=\"_wpcf7_version\" value=\"6.0.6\" \/>\n<input type=\"hidden\" name=\"_wpcf7_locale\" value=\"en_US\" \/>\n<input type=\"hidden\" name=\"_wpcf7_unit_tag\" value=\"wpcf7-f182-o1\" \/>\n<input type=\"hidden\" name=\"_wpcf7_container_post\" value=\"0\" \/>\n<input type=\"hidden\" name=\"_wpcf7_posted_data_hash\" value=\"\" \/>\n<\/div>\n<div class=\"contact-form\">\n\n  <div class=\"contact-name\">\n    <h5 class=\"contact-title\">Imi\u0119\/nazwa firmy<span>*<\/span><\/h5>\n    <div><span class=\"wpcf7-form-control-wrap\" data-name=\"your-name\"><input size=\"40\" maxlength=\"400\" class=\"wpcf7-form-control wpcf7-text wpcf7-validates-as-required\" aria-required=\"true\" aria-invalid=\"false\" placeholder=\"\" value=\"\" type=\"text\" name=\"your-name\" \/><\/span><\/div>\n  <\/div>\n\n  <div class=\"contact-email\">\n    <h5 class=\"contact-title\">Tw\u00f3j adres email<span>*<\/span><\/h5>\n    <div><span class=\"wpcf7-form-control-wrap\" data-name=\"your-email\"><input size=\"40\" maxlength=\"400\" class=\"wpcf7-form-control wpcf7-email wpcf7-validates-as-required wpcf7-text wpcf7-validates-as-email\" aria-required=\"true\" aria-invalid=\"false\" placeholder=\"\" value=\"\" type=\"email\" name=\"your-email\" \/><\/span><\/div>\n  <\/div>\n\n  <div class=\"contact-phone\">\n    <h5 class=\"contact-title\">Tw\u00f3j numer telefonu<\/h5>\n    <div><span class=\"wpcf7-form-control-wrap\" data-name=\"your-phone\"><input size=\"40\" maxlength=\"400\" class=\"wpcf7-form-control wpcf7-tel wpcf7-text wpcf7-validates-as-tel\" aria-invalid=\"false\" placeholder=\"\" value=\"\" type=\"tel\" name=\"your-phone\" \/><\/span><\/div>\n  <\/div>\n\n  <div class=\"contact-subject\">\n    <h5 class=\"contact-title\">Produkty jakie potrzebujesz<\/h5>\n    <div><span class=\"wpcf7-form-control-wrap\" data-name=\"your-subject\"><input size=\"40\" maxlength=\"400\" class=\"wpcf7-form-control wpcf7-text\" aria-invalid=\"false\" placeholder=\"\" value=\"\" type=\"text\" name=\"your-subject\" \/><\/span><\/div>\n  <\/div>\n\n  <div class=\"contact-quantity\">\n    <h5 class=\"contact-title\">Ilo\u015b\u0107 sztuk<\/h5>\n    <div><span class=\"wpcf7-form-control-wrap\" data-name=\"your-quantity\"><input class=\"wpcf7-form-control wpcf7-number wpcf7-validates-as-number\" min=\"1\" aria-invalid=\"false\" placeholder=\"\" value=\"\" type=\"number\" name=\"your-quantity\" \/><\/span><\/div>\n  <\/div>\n\n  <div class=\"contact-message\">\n    <h5 class=\"contact-title\">Message<\/h5>\n    <div><span class=\"wpcf7-form-control-wrap\" data-name=\"your-message\"><textarea cols=\"40\" rows=\"5\" maxlength=\"2000\" class=\"wpcf7-form-control wpcf7-textarea\" aria-invalid=\"false\" placeholder=\"\" name=\"your-message\"><\/textarea><\/span><\/div>\n  <\/div>\n\n  <div class=\"contact-submit\">\n    <input class=\"wpcf7-form-control wpcf7-submit has-spinner\" type=\"submit\" value=\"Send Message\" \/>\n  <\/div>\n\n<\/div><div class=\"wpcf7-response-output\" aria-hidden=\"true\"><\/div>\n<\/form>\n<\/div>\n[\/vc_column_inner][\/vc_row_inner][\/vc_column][\/vc_row][vc_row full_width=&#8221;stretch_row_content_no_spaces&#8221;][vc_column][\/vc_column][\/vc_row]<\/p>\n<\/div>","protected":false},"excerpt":{"rendered":"<p>[vc_row css=&#8221;.vc_custom_1548846847156{padding-bottom: 8% !important;}&#8221;][vc_column][vc_row_inner][vc_column_inner width=&#8221;1\/2&#8243;][vc_custom_heading heading_style=&#8221;heading_style_3&#8243; text=&#8221;Napisz do nas&#8221; use_theme_fonts=&#8221;yes&#8221; css=&#8221;.vc_custom_1757728076856{padding-bottom: 4% !important;}&#8221;][vc_column_text css=&#8221;&#8221;]Masz pytania dotycz\u0105ce nadruk\u00f3w? Napisz do nas, podaj\u0105c rodzaj nadruku, ilo\u015b\u0107 oraz informacj\u0119, czy posiadasz gotowy projekt, czy potrzebujesz jego przygotowania. Na podstawie Twoich wytycznych opracujemy indywidualn\u0105 ofert\u0119. Nasz konsultant szybko skontaktuje si\u0119 z Pa\u0144stwem i doradzi najlepsze rozwi\u0105zanie.[\/vc_column_text][\/vc_column_inner][vc_column_inner width=&#8221;1\/2&#8243;][vc_custom_heading heading_style=&#8221;heading_style_3&#8243; text=&#8221;Wy\u015blij [&hellip;]<\/p>\n","protected":false},"author":1,"featured_media":0,"parent":0,"menu_order":0,"comment_status":"closed","ping_status":"closed","template":"","meta":{"_monsterinsights_skip_tracking":false,"_monsterinsights_sitenote_active":false,"_monsterinsights_sitenote_note":"","_monsterinsights_sitenote_category":0,"footnotes":""},"class_list":["post-443","page","type-page","status-publish","hentry","clearfix"],"aioseo_notices":[],"jetpack_sharing_enabled":true,"_links":{"self":[{"href":"https:\/\/nadruki-na-plyty.pl\/index.php\/wp-json\/wp\/v2\/pages\/443","targetHints":{"allow":["GET"]}}],"collection":[{"href":"https:\/\/nadruki-na-plyty.pl\/index.php\/wp-json\/wp\/v2\/pages"}],"about":[{"href":"https:\/\/nadruki-na-plyty.pl\/index.php\/wp-json\/wp\/v2\/types\/page"}],"author":[{"embeddable":true,"href":"https:\/\/nadruki-na-plyty.pl\/index.php\/wp-json\/wp\/v2\/users\/1"}],"replies":[{"embeddable":true,"href":"https:\/\/nadruki-na-plyty.pl\/index.php\/wp-json\/wp\/v2\/comments?post=443"}],"version-history":[{"count":3,"href":"https:\/\/nadruki-na-plyty.pl\/index.php\/wp-json\/wp\/v2\/pages\/443\/revisions"}],"predecessor-version":[{"id":3112,"href":"https:\/\/nadruki-na-plyty.pl\/index.php\/wp-json\/wp\/v2\/pages\/443\/revisions\/3112"}],"wp:attachment":[{"href":"https:\/\/nadruki-na-plyty.pl\/index.php\/wp-json\/wp\/v2\/media?parent=443"}],"curies":[{"name":"wp","href":"https:\/\/api.w.org\/{rel}","templated":true}]}}